{"id":70,"date":"2019-03-09T11:29:00","date_gmt":"2019-03-09T10:29:00","guid":{"rendered":"http:\/\/www.rsc-nienburg.de\/?page_id=70"},"modified":"2026-01-26T08:36:59","modified_gmt":"2026-01-26T07:36:59","slug":"verein","status":"publish","type":"page","link":"https:\/\/www.rsc-nienburg.de\/?page_id=70","title":{"rendered":"Verein"},"content":{"rendered":"<h4 style=\"text-align: center;\"><strong>Die Geschichte des Radsportclub Nienburg e.V.\u00a0&#8211; von der Gr\u00fcndung 1976 bis heute.<\/strong><\/h4>\n<p>Im Jahr 1974 regte <b>Walther K\u00f6neke<\/b> die Gr\u00fcndung eines Radsportvereins in Nienburg an. Dies publizierte er in der Nienburger Tageszeitung \u201eDie Harke\u201c.<span class=\"Apple-converted-space\">\u00a0<\/span><\/p>\n<p>Am 21.10.1974 trafen sich einige Interessierte und beschlossen, sich dem ASC Nienburg<span class=\"Apple-converted-space\">\u00a0 <\/span>mit der neuen Sparte \u201eRadsport\u201c anzuschlie\u00dfen.<\/p>\n<p>Am 06.11.1976 l\u00f6ste man sich vom ASC und gr\u00fcndete einen eigenen Verein mit dem Namen \u201eRSC Nienburg\u201c. Erster Vorsitzender wurde <b>Uwe Bohn<\/b>, Vater unseres aktuellen 1. Vorsitzenden <b>Matthias<\/b> <b>Bohn<\/b>.<span class=\"Apple-converted-space\">\u00a0<\/span><\/p>\n<p>Durch den sehr engagierten Einsatz von Uwe Bohn konnten zahlreiche Sch\u00fcler und Jugendliche als neue Mitglieder gewonnen werden. Erste Erfolge bei Radrennen stellten sich ein.<\/p>\n<p>Durch Unterst\u00fctzung \u00f6rtlicher Sponsoren wurde es m\u00f6glich, ein hochklassiges Radrennen, den \u201eGro\u00dfen Heka Preis\u201c, ins Leben zu rufen. Durch die Kombination dieses Rennens mit der Niedersachsenrundfahrt, die zu der Zeit mehrere Jahre Nienburg als Etappenziel hatte, wurde daraus eine immer gr\u00f6\u00dfere Veranstaltung. Die Teilnahme von Olympiasiegern und Weltmeistern an dem Rennen lockte jedes Jahr tausende Zuschauer in die Nienburger Innenstadt.<\/p>\n<p>Parallel zum Erfolg dieser Rennveranstaltung stellten sich auch die gro\u00dfen Erfolge der Nienburger Radsportler ein:<\/p>\n<p><b>Matthias Lange<\/b> schaffte den Sprung in den Bundeskader und nahm an einer Olympiade und Weltmeisterschaften teil. 1980 wurde er in Mexiko Vizeweltmeister im Punktefahren auf der Bahn und sechster im Vierer-Mannschaftszeitfahren. 1981 stellte sich in Leipzig ein weiterer herausragender Erfolg mit einem Vizeweltmeistertitel ein.<\/p>\n<p><b>Patrick Lahmer<\/b> wurde im Jahre 1990 Niedersachsenmeister \u201eEiner Stra\u00dfe\u201c und im Vierer-Mannschaftszeitfahren sowohl Niedersachsen- als auch Deutscher Meister.<\/p>\n<p><b>Holger Sievers<\/b> und <b>Thorsten Wilhelms<\/b> schafften den Sprung in den Profiradsport. Thorsten Wilhelms gewann mehrere Etappen bei der Niedersachsenrundfahrt. Sein gr\u00f6\u00dfter Erfolg ist sicherlich der Gesamtsieg der Katar-Rundfahrt im Jahr 2002.<span class=\"Apple-converted-space\">\u00a0<\/span><\/p>\n<p>Einer der gr\u00f6\u00dften Erfolge von <b>Holger Sievers <\/b>war der Vizetitel bei der Deutschen Bergmeisterschaft der Profis.<\/p>\n<p>Ein weiterer erfolgreicher Sportler des RSC ist <b>Matthias Bohn<\/b>, welcher als Junioren-Fahrer und A-Amateur zahlreiche Siege erringen konnte und auch aktuell noch kr\u00e4ftig bei den Senioren (Masters C) mitmischt.<\/p>\n<p>In dieser Zeit der sportlichen Erfolge wurde ein Trainer zur Nachwuchsf\u00f6rderung eingestellt und der Landesverband baute in Nienburg eine Talentf\u00f6rdergruppe auf. Die Stadt Nienburg und der Landkreis bezuschussten eine Nachwuchswerbung, durch die allerdings keine<span class=\"Apple-converted-space\">\u00a0 <\/span>\u00fcberdurchschnittlich talentierten Nachwuchssportler im hiesigen Bereich gefunden werden konnten.<span class=\"Apple-converted-space\">\u00a0 <\/span>Der RSC Nienburg wandelte sich deshalb zu einem allgemeinen Radsportverein ohne eigene Sportler in der deutschen Leistungsspitze zu haben.<\/p>\n<p>Seit 1988 wird einmal j\u00e4hrlich eine RTF (Radtouristikfahrt) f\u00fcr Breiten- und engagierte Radsportler ausgerichtet. Hier nahmen in Spitzenzeiten mehrere hundert Radsportlerinnen und Radsportler auf\u00a0 <span class=\"Apple-converted-space\">\u00a0 <\/span>ausgeschilderte Routen die hiesige Region unter die R\u00e4der.<\/p>\n<p>Von 1999 bis 2008 richtete der RSC Nienburg wieder ein gro\u00dfes Radrennen in der Nienburger Innenstadt aus, die \u201eNienburger City Nacht\u201c. Bei diesem Einladungsrennen standen jedes Jahr bekannte Radprofis und erfolgreiche Amateure am Start. Vor einer Kulisse mehrerer tausend Zuschauer und Live-Musik, wurde unter Flutlicht mit Durchschnittsgeschwindigkeiten von bis 46 km\/h, teils \u00fcber Kopfsteinpflaster, eine wilde Hatz durch die Altstadt zelebriert.<\/p>\n<p>In den Jahren 2001 bis 2009 gab es noch den \u201eNienburger Fr\u00fchjahrspreis\u201c. Ein Radrennen vor den Toren der Stadt, in der Samtgemeinde Marklohe. Dieses Rennen war weniger als Attraktion f\u00fcr ein breites Publikum gedacht, sondern eine anspruchsvolle Veranstaltung f\u00fcr die Rennfahrer zu Beginn der neuen Saison. Auf einem 9,3 Kilometer langen, welligen Kurs wurden hierbei Rennen f\u00fcr alle Klassen gestartet. Von der U11 bis zu den Senioren 4. Bis zu 700 Teilnehmer starteten hierbei und gaben dem veranstaltenden RSC Nienburg die Best\u00e4tigung, das richtige Konzept verwirklicht zu haben.<\/p>\n","protected":false},"excerpt":{"rendered":"<p>Die Geschichte des Radsportclub Nienburg e.V.\u00a0&#8211; von der Gr\u00fcndung 1976 bis heute. Im Jahr 1974 regte Walther K\u00f6neke die Gr\u00fcndung eines Radsportvereins in Nienburg an. Dies publizierte er in der Nienburger Tageszeitung \u201eDie Harke\u201c.\u00a0 Am 21.10.1974 trafen sich einige Interessierte und beschlossen, sich dem ASC Nienburg\u00a0 mit der neuen Sparte \u201eRadsport\u201c anzuschlie\u00dfen. Am 06.11.1976 l\u00f6ste man sich vom ASC und gr\u00fcndete einen eigenen Verein mit dem Namen \u201eRSC Nienburg\u201c. Erster Vorsitzender wurde Uwe Bohn, Vater unseres aktuellen 1. Vorsitzenden Matthias Bohn.\u00a0 Durch den sehr engagierten&#8230;<span class=\"clearfix clearfix-post\"><\/span><a href=\"https:\/\/www.rsc-nienburg.de\/?page_id=70\" class=\"more-link\"><span class=\"screen-reader-text\">&#8222;Verein&#8220;<\/span> <span class=\"meta-nav\">&rarr;<\/span> weiterlesen<\/a><\/p>\n","protected":false},"author":1,"featured_media":0,"parent":37,"menu_order":5,"comment_status":"closed","ping_status":"closed","template":"","meta":{"footnotes":""},"class_list":["post-70","page","type-page","status-publish","hentry"],"_links":{"self":[{"href":"https:\/\/www.rsc-nienburg.de\/index.php?rest_route=\/wp\/v2\/pages\/70","targetHints":{"allow":["GET"]}}],"collection":[{"href":"https:\/\/www.rsc-nienburg.de\/index.php?rest_route=\/wp\/v2\/pages"}],"about":[{"href":"https:\/\/www.rsc-nienburg.de\/index.php?rest_route=\/wp\/v2\/types\/page"}],"author":[{"embeddable":true,"href":"https:\/\/www.rsc-nienburg.de\/index.php?rest_route=\/wp\/v2\/users\/1"}],"replies":[{"embeddable":true,"href":"https:\/\/www.rsc-nienburg.de\/index.php?rest_route=%2Fwp%2Fv2%2Fcomments&post=70"}],"version-history":[{"count":6,"href":"https:\/\/www.rsc-nienburg.de\/index.php?rest_route=\/wp\/v2\/pages\/70\/revisions"}],"predecessor-version":[{"id":474,"href":"https:\/\/www.rsc-nienburg.de\/index.php?rest_route=\/wp\/v2\/pages\/70\/revisions\/474"}],"up":[{"embeddable":true,"href":"https:\/\/www.rsc-nienburg.de\/index.php?rest_route=\/wp\/v2\/pages\/37"}],"wp:attachment":[{"href":"https:\/\/www.rsc-nienburg.de\/index.php?rest_route=%2Fwp%2Fv2%2Fmedia&parent=70"}],"curies":[{"name":"wp","href":"https:\/\/api.w.org\/{rel}","templated":true}]}}