{"id":519,"date":"2026-04-19T15:50:01","date_gmt":"2026-04-19T13:50:01","guid":{"rendered":"https:\/\/www.rsc-nienburg.de\/?page_id=519"},"modified":"2026-04-19T18:43:54","modified_gmt":"2026-04-19T16:43:54","slug":"streckenvorschlaeage","status":"publish","type":"page","link":"https:\/\/www.rsc-nienburg.de\/?page_id=519","title":{"rendered":"Strecken"},"content":{"rendered":"<p>Ihr sucht eine attraktive Trainingsstrecke f\u00fcr eure Rennrad-, Gravel- oder Mountainbikerunde?<br \/>\nDann seid ihr hier richtig. Wir stellen als Locals in Nienburg unsere beliebtesten Strecken f\u00fcr euch zur Verf\u00fcgung. Der Streckenlink f\u00fchrt euch zum Bikerouter, hier k\u00f6nntet ihr die Streckenf\u00fchrung ggfs. auf eure Anforderungen anpassen\u00a0 und als GPX-File herunterladen.<\/p>\n<ul>\n<li><a href=\"https:\/\/www.rsc-nienburg.de\/?page_id=524\"><strong>Rennrad<\/strong><\/a><\/li>\n<li><strong><a href=\"https:\/\/www.rsc-nienburg.de\/?page_id=534\" rel=\"noopener\">Gravelbike<\/a><br \/>\n<\/strong><\/li>\n<li style=\"text-align: left;\"><a href=\"https:\/\/www.rsc-nienburg.de\/?page_id=538\" rel=\"noopener\"><strong>Mountainbike<\/strong><\/a><\/li>\n<\/ul>\n","protected":false},"excerpt":{"rendered":"<p>Ihr sucht eine attraktive Trainingsstrecke f\u00fcr eure Rennrad-, Gravel- oder Mountainbikerunde? Dann seid ihr hier richtig. Wir stellen als Locals in Nienburg unsere beliebtesten Strecken f\u00fcr euch zur Verf\u00fcgung. Der Streckenlink f\u00fchrt euch zum Bikerouter, hier k\u00f6nntet ihr die Streckenf\u00fchrung ggfs. auf eure Anforderungen anpassen\u00a0 und als GPX-File herunterladen. Rennrad Gravelbike Mountainbike<\/p>\n","protected":false},"author":2,"featured_media":0,"parent":37,"menu_order":0,"comment_status":"closed","ping_status":"closed","template":"","meta":{"footnotes":""},"class_list":["post-519","page","type-page","status-publish","hentry"],"_links":{"self":[{"href":"https:\/\/www.rsc-nienburg.de\/index.php?rest_route=\/wp\/v2\/pages\/519","targetHints":{"allow":["GET"]}}],"collection":[{"href":"https:\/\/www.rsc-nienburg.de\/index.php?rest_route=\/wp\/v2\/pages"}],"about":[{"href":"https:\/\/www.rsc-nienburg.de\/index.php?rest_route=\/wp\/v2\/types\/page"}],"author":[{"embeddable":true,"href":"https:\/\/www.rsc-nienburg.de\/index.php?rest_route=\/wp\/v2\/users\/2"}],"replies":[{"embeddable":true,"href":"https:\/\/www.rsc-nienburg.de\/index.php?rest_route=%2Fwp%2Fv2%2Fcomments&post=519"}],"version-history":[{"count":16,"href":"https:\/\/www.rsc-nienburg.de\/index.php?rest_route=\/wp\/v2\/pages\/519\/revisions"}],"predecessor-version":[{"id":549,"href":"https:\/\/www.rsc-nienburg.de\/index.php?rest_route=\/wp\/v2\/pages\/519\/revisions\/549"}],"up":[{"embeddable":true,"href":"https:\/\/www.rsc-nienburg.de\/index.php?rest_route=\/wp\/v2\/pages\/37"}],"wp:attachment":[{"href":"https:\/\/www.rsc-nienburg.de\/index.php?rest_route=%2Fwp%2Fv2%2Fmedia&parent=519"}],"curies":[{"name":"wp","href":"https:\/\/api.w.org\/{rel}","templated":true}]}}